{"id":76,"date":"2014-01-02T15:54:34","date_gmt":"2014-01-02T14:54:34","guid":{"rendered":"http:\/\/paypal.tadic.si\/paypal-trgovine\/?page_id=76"},"modified":"2014-01-02T16:18:43","modified_gmt":"2014-01-02T15:18:43","slug":"paypal-podpora","status":"publish","type":"page","link":"https:\/\/paypal.tadic.si\/paypal-trgovine\/paypal-podpora\/","title":{"rendered":"PayPal podpora"},"content":{"rendered":"<p>Mnogi izmed uporabnikov sporo\u010date, da ne najdete na\u010dina kako kontaktirati PayPal podporo. Spodaj je prikazan kratek postopek.<\/p>\n<p><strong>Podpore v sloven\u0161\u010dini ni! Pomagate si lahko le s podporo v angle\u0161\u010dini.<\/strong><\/p>\n<p>Vpi\u0161ete se v va\u0161 PayPal ra\u010dun, nato pa kliknete na povezavo <a title=\"PayPal podpora\" href=\"https:\/\/www.paypal.com\/si\/cgi-bin\/helpscr?cmd=_help&amp;t=escalateTab\" target=\"_blank\">PayPal podpora<\/a> nato pa izberete ali jih \u017eelite kontaktirati preko kontaktnega obrazca ali pa jih \u017eelite poklicati po telefonu.<\/p>\n<p><a href=\"http:\/\/paypal.tadic.si\/wp-content\/uploads\/2014\/01\/paypal_podpora.png\"><img loading=\"lazy\" class=\" wp-image-77 \" alt=\"Izgled podstrani za podporo uporabnikom\" src=\"http:\/\/paypal.tadic.si\/wp-content\/uploads\/2014\/01\/paypal_podpora.png\" width=\"470\" height=\"240\" srcset=\"https:\/\/paypal.tadic.si\/wp-content\/uploads\/2014\/01\/paypal_podpora.png 784w, https:\/\/paypal.tadic.si\/wp-content\/uploads\/2014\/01\/paypal_podpora-300x153.png 300w\" sizes=\"(max-width: 470px) 100vw, 470px\" \/><\/a><\/p>\n<p>V kolikor izberete kontakt preko kontaktnega obrazca, vam ponudijo na voljo, da izberete najprej kategorijo kamor sodi va\u0161e vpra\u0161anje.<\/p>\n<p><a href=\"http:\/\/paypal.tadic.si\/wp-content\/uploads\/2014\/01\/paypal_kontakt_podpora.png\"><img loading=\"lazy\" class=\" wp-image-78 \" alt=\"Podpora preko kontaktnega obrazca\" src=\"http:\/\/paypal.tadic.si\/wp-content\/uploads\/2014\/01\/paypal_kontakt_podpora.png\" width=\"470\" height=\"323\" srcset=\"https:\/\/paypal.tadic.si\/wp-content\/uploads\/2014\/01\/paypal_kontakt_podpora.png 784w, https:\/\/paypal.tadic.si\/wp-content\/uploads\/2014\/01\/paypal_kontakt_podpora-300x205.png 300w\" sizes=\"(max-width: 470px) 100vw, 470px\" \/><\/a><\/p>\n<p>Po izbrani kategoriji in podkategoriji, vam ponudijo obrazec. Primer spodaj.<\/p>\n<p><a href=\"http:\/\/paypal.tadic.si\/wp-content\/uploads\/2014\/01\/paypal_kontakt_obrazec.png\"><img loading=\"lazy\" class=\" wp-image-79 \" alt=\"Obrazec se prika\u017ee po izbrani kategoriji in podkategoriji kamor sodi va\u0161e vpra\u0161anje\" src=\"http:\/\/paypal.tadic.si\/wp-content\/uploads\/2014\/01\/paypal_kontakt_obrazec.png\" width=\"473\" height=\"445\" srcset=\"https:\/\/paypal.tadic.si\/wp-content\/uploads\/2014\/01\/paypal_kontakt_obrazec.png 789w, https:\/\/paypal.tadic.si\/wp-content\/uploads\/2014\/01\/paypal_kontakt_obrazec-300x282.png 300w\" sizes=\"(max-width: 473px) 100vw, 473px\" \/><\/a><\/p>\n<p>V primeru ko jih \u017eelite poklicati, morate govoriti angle\u0161ko. Ko kliknete na call us, vam poka\u017eejo telefonsko \u0161tevilko in za\u010dasno PIN kodo, ki je edinstvena v tistih 60 minutah kolikor je veljavna za vas.<\/p>\n<p>Operativni \u010das podpore<\/p>\n<p>od <strong>ponedeljka do petka<\/strong> med 8.00 in 16:30 po srednjeevropskem \u010dasu (\u010dasovni pas GMT).<\/p>\n<p>Slovenija ima razliko 1h oz. 2h poleti kar pomeni, da je podpora po na\u0161em \u010dasu na voljo<\/p>\n<p><strong>9:00 &#8211; 17:30 pozimi<\/strong><br \/>\n<strong>10:00-18:30 poleti<\/strong><\/p>\n<p>&nbsp;<\/p>\n<h2><strong>TEL. \u0160T. <span style=\"color: #ff0000;\">00353 1 436 9111<\/span><\/strong><\/h2>\n<p>&nbsp;<\/p>\n<div id=\"attachment_80\" style=\"width: 480px\" class=\"wp-caption aligncenter\"><a href=\"http:\/\/paypal.tadic.si\/wp-content\/uploads\/2014\/01\/paypal_call_us.png\"><img aria-describedby=\"caption-attachment-80\" loading=\"lazy\" class=\" wp-image-80 \" alt=\"Primer kako zgleda \u010de kliknete na CALL US\" src=\"http:\/\/paypal.tadic.si\/wp-content\/uploads\/2014\/01\/paypal_call_us.png\" width=\"470\" height=\"479\" srcset=\"https:\/\/paypal.tadic.si\/wp-content\/uploads\/2014\/01\/paypal_call_us.png 784w, https:\/\/paypal.tadic.si\/wp-content\/uploads\/2014\/01\/paypal_call_us-294x300.png 294w\" sizes=\"(max-width: 470px) 100vw, 470px\" \/><\/a><p id=\"caption-attachment-80\" class=\"wp-caption-text\">Primer kako zgleda \u010de kliknete na CALL US<\/p><\/div>\n","protected":false},"excerpt":{"rendered":"Mnogi izmed uporabnikov sporo\u010date, da ne najdete na\u010dina kako kontaktirati PayPal podporo. Spodaj je prikazan kratek postopek. Podpore v sloven\u0161\u010dini ni! Pomagate si lahko le s podporo v angle\u0161\u010dini. Vpi\u0161ete se v va\u0161 PayPal ra\u010dun, nato pa kliknete na povezavo PayPal podpora nato pa izberete ali jih \u017eelite kontaktirati preko kontaktnega obrazca ali pa jih [&hellip;]\n","protected":false},"author":1,"featured_media":0,"parent":0,"menu_order":0,"comment_status":"closed","ping_status":"open","template":"","meta":[],"_links":{"self":[{"href":"https:\/\/paypal.tadic.si\/paypal-trgovine\/wp-json\/wp\/v2\/pages\/76"}],"collection":[{"href":"https:\/\/paypal.tadic.si\/paypal-trgovine\/wp-json\/wp\/v2\/pages"}],"about":[{"href":"https:\/\/paypal.tadic.si\/paypal-trgovine\/wp-json\/wp\/v2\/types\/page"}],"author":[{"embeddable":true,"href":"https:\/\/paypal.tadic.si\/paypal-trgovine\/wp-json\/wp\/v2\/users\/1"}],"replies":[{"embeddable":true,"href":"https:\/\/paypal.tadic.si\/paypal-trgovine\/wp-json\/wp\/v2\/comments?post=76"}],"version-history":[{"count":5,"href":"https:\/\/paypal.tadic.si\/paypal-trgovine\/wp-json\/wp\/v2\/pages\/76\/revisions"}],"predecessor-version":[{"id":82,"href":"https:\/\/paypal.tadic.si\/paypal-trgovine\/wp-json\/wp\/v2\/pages\/76\/revisions\/82"}],"wp:attachment":[{"href":"https:\/\/paypal.tadic.si\/paypal-trgovine\/wp-json\/wp\/v2\/media?parent=76"}],"curies":[{"name":"wp","href":"https:\/\/api.w.org\/{rel}","templated":true}]}}