{"id":42,"date":"2011-06-30T23:35:03","date_gmt":"2011-06-30T22:35:03","guid":{"rendered":"http:\/\/paypal.tadic.si\/paypal-trgovine\/?page_id=42"},"modified":"2014-08-09T20:31:22","modified_gmt":"2014-08-09T19:31:22","slug":"kako-odpreti-paypal-racun","status":"publish","type":"page","link":"https:\/\/paypal.tadic.si\/paypal-trgovine\/kako-odpreti-paypal-racun\/","title":{"rendered":"Kako odpreti PayPal ra\u010dun?"},"content":{"rendered":"<p>Ustvarjanje PayPal ra\u010duna je zelo enostaven in hiter postopek, ki od vas terja le nekaj minut \u010dasa in veljaven e-mail naslov.<\/p>\n<p>PayPal ponuja dve razli\u010dni opciji za odprtje ra\u010duna:<\/p>\n<ul>\n<li>osebni<\/li>\n<li>poslovni<\/li>\n<\/ul>\n<p>Da bi ustvarili PayPal ra\u010dun je potrebno obiskati spletno stran <a title=\"PayPal ra\u010dun\" href=\"https:\/\/www.paypal.com\/si\/\" target=\"_blank\">PayPal<\/a> in izbrati tip ra\u010duna osebni (personal) ali poslovni (business). Po izbiri tipa ra\u010duna je potrebno klikniti na <strong>Sign Up<\/strong> na vrhu strani kot na spodnji sliki. Nato izpolnite vnosna polja, ki jih od vas zahteva PayPal in sledite postopku registracije.<\/p>\n<p style=\"text-align: center;\"><a href=\"http:\/\/paypal.tadic.si\/wp-content\/uploads\/2011\/06\/paypal_odprtje_racuna.jpg\"><img loading=\"lazy\" class=\"size-full wp-image-44 aligncenter\" title=\"Odprtje PayPal ra\u010duna\" src=\"http:\/\/paypal.tadic.si\/wp-content\/uploads\/2011\/06\/paypal_odprtje_racuna.jpg\" alt=\"Kako ustvariti PayPal ra\u010dun\" width=\"512\" height=\"280\" srcset=\"https:\/\/paypal.tadic.si\/wp-content\/uploads\/2011\/06\/paypal_odprtje_racuna.jpg 631w, https:\/\/paypal.tadic.si\/wp-content\/uploads\/2011\/06\/paypal_odprtje_racuna-300x164.jpg 300w\" sizes=\"(max-width: 512px) 100vw, 512px\" \/><\/a><\/p>\n<p><strong>Pomembno: Ne pozabite vpisati to\u010dnih podatkov saj boste na vpisani e-mail naslov prejeli povezavo za potrditev in dokon\u010danje registracije.<\/strong><\/p>\n<p>Ko boste odprli ra\u010dun, pla\u010devanje \u0161e ne bo omogo\u010deno saj na ra\u010dunu \u0161e nimate sredstev (denarja). Za \u010dim hitrej\u0161e pla\u010devanje je potrebno povezati va\u0161o kreditno kartico (Visa, MasterCard&#8230;) iz katere se bodo \u010drpala sredstva, vendra to ni nujno. Sedaj lahko na va\u0161 PayPal ra\u010dun nalo\u017eite sredstva tudi z nakazilom preko UPN pla\u010dilnega naloga. Navodila za to dobite znotraj va\u0161ega ra\u010duna na desni strani.<\/p>\n<p>V za\u010detku bo va\u0161 ra\u010dun omejen na 100\u20ac (tak\u0161na omejitev velja v \u010dasu pisanja). \u010ce \u017eelite dvigniti\/odstraniti omejitev je potrebno verificirati va\u0161 ra\u010dun.<\/p>\n<p>&nbsp;<\/p>\n<h2>Verifikacija PayPal ra\u010duna<\/h2>\n<p>Mnogi se spra\u0161ujejo \u010demu je potrebna verifikacija, saj gre v vsakem primeru za va\u0161o kartico in va\u0161 denar. Verifikacija PayPal ra\u010duna je potrebna zaradi prepre\u010devanja zlorab.<\/p>\n<p>Primer:<br \/>\nV kolikor se zgodi, da vam nekdo odtuji va\u0161o VISA kartico, bi lahko odprl PayPal ra\u010dun na va\u0161e ime in z raznimi nakupi vrednih stvari iz razli\u010dnih spletnih trgovin z va\u0161ega ra\u010duna pobral precej denarja. Z verifikacijo se zlorabam izognejo.<\/p>\n<p>Na\u010dini verifikacije:<\/p>\n<ul>\n<li>po po\u0161ti s kratko kodo (kodo prepi\u0161ete v PayPal obrazec za verifikacijo)<\/li>\n<li>kot pla\u010dilo v vi\u0161ini 1,5\u20ac z va\u0161ega ra\u010duna, kjer se v namenu pla\u010dila vidi kratka koda (kodo prepi\u0161ete v PayPal obrazec za verifikacijo)<\/li>\n<\/ul>\n<p>Za popolno verifikacijo sta potrebna oba na\u010dina. Na\u010din po po\u0161ti potrdi, da ste po\u0161to prejeli na va\u0161 naslov, pla\u010dilo 1,5\u20ac pa potrdi, da ne gre za zlorabo va\u0161e kartice saj ban\u010dni izpisek na katerem je prav tako kratka koda prejmete samo vi. Znesek 1,5\u20ac vam vrnejo na va\u0161 ra\u010dun po opravljeni verifikaciji kartice.<\/p>\n<p>Verifikacija lahko traja nekaj tednov saj morate po spro\u017eitvi postopka po\u010dakati na fizi\u010dno kuverto\/po\u0161to in na va\u0161 mese\u010dni ban\u010dni izpisek (v kolikor tega ne vidite v spletni banki). Tudi \u010de vidite transakcijo v spletni banki traja nekaj dni, da se transakcija sprovede v va\u0161i banki.<\/p>\n<p>&nbsp;<\/p>\n<h2>Kako odpreti PayPal ra\u010dun brez kreditne kartice (VISA\/Mastercard)<\/h2>\n<p>Ko izpolnite obrazec za osebne podatke, vam v naslednjem koraku prika\u017ee obrazec za dodajanje kreditne kartice in vi lahko presko\u010dite ta korak tako, da kliknete<strong> Go to my account<\/strong> pod gumbom continue.<\/p>\n<p>&nbsp;<\/p>\n<div id=\"attachment_73\" style=\"width: 529px\" class=\"wp-caption aligncenter\"><a href=\"http:\/\/paypal.tadic.si\/wp-content\/uploads\/2011\/06\/paypal_racun_brez_visa_kartice1.png\"><img aria-describedby=\"caption-attachment-73\" loading=\"lazy\" class=\" wp-image-73 \" src=\"http:\/\/paypal.tadic.si\/wp-content\/uploads\/2011\/06\/paypal_racun_brez_visa_kartice1.png\" alt=\"VISA kartica ni potrebna za paypal ra\u010dun\" width=\"519\" height=\"335\" srcset=\"https:\/\/paypal.tadic.si\/wp-content\/uploads\/2011\/06\/paypal_racun_brez_visa_kartice1.png 742w, https:\/\/paypal.tadic.si\/wp-content\/uploads\/2011\/06\/paypal_racun_brez_visa_kartice1-300x193.png 300w\" sizes=\"(max-width: 519px) 100vw, 519px\" \/><\/a><p id=\"caption-attachment-73\" class=\"wp-caption-text\">Ni potrebno dodat VISA kartico<\/p><\/div>\n<h2><\/h2>\n<h2>Pla\u010devanje oz. nakup preko PayPal<\/h2>\n<p>Postopek pla\u010devanja je zelo enostaven.<\/p>\n<p>Ko \u017eelite kupiti izdelek iz spletne trgovine, ki sprejme PayPal kot na\u010din pla\u010dila opravite postopek nakupa in proti koncu nakupa (pri koraku pla\u010dila &#8211; blagajna) vam omogo\u010dijo izbiro pla\u010dila in ko izberete PayPal vam odprejo PayPal vmesnik, kjer se vpi\u0161ete z va\u0161imi uporabni\u0161kimi podatki PayPal-a in potrdite pla\u010dilo. Nato vas vmesnik preusmeri nazaj v spletno trgovino kjer vam omogo\u010dijo zaklju\u010dek nakupa in potrdijo opravljeno transakcijo.<\/p>\n<p>&nbsp;<\/p>\n<h2>Po\u0161iljanje denarja preko PayPal<\/h2>\n<p>Po\u0161iljanje denarja se lahko opravi v razli\u010dne namene.<\/p>\n<p>Nakupe:<\/p>\n<ul>\n<li>pla\u010dilo opravljenih storitev<\/li>\n<li>pla\u010dilo izdelkov<\/li>\n<li>pla\u010dilo eBay izdelkov<\/li>\n<\/ul>\n<p>Osebne zadeve:<\/p>\n<ul>\n<li>darilo<\/li>\n<li>osebne stvari za pre\u017eivljanje<\/li>\n<li>pla\u010dilo dolgov<\/li>\n<li>ostalo<\/li>\n<\/ul>\n<p>Vse kar je potrebno je izbrati po\u0161iljanje denarja (Send money) in vpisati email naslov ra\u010duna prejemnika, znesek po\u0161iljanja, ter izbrati s kak\u0161nim namenom po\u0161iljate sredstva. Obrazec vidite na spodnji sliki.<\/p>\n<p>Pri po\u0161iljanju denarja se pla\u010da tudi provizijo, vendar lahko izberete ali boste provizijo pla\u010dali vi kot po\u0161iljatelj ali pa se provizija odbije prejemniku.<\/p>\n<p>Po\u0161iljatelj in prejemnik prejmeta e-po\u0161to z obvestilom o po\u0161iljanju\/prejemu denarja.<\/p>\n<p><a href=\"http:\/\/paypal.tadic.si\/wp-content\/uploads\/2011\/06\/posiljanje_denarja_preko_paypal1.jpg\"><img loading=\"lazy\" class=\"aligncenter size-full wp-image-53\" title=\"Po\u0161iljanje denarja preko PayPal\" src=\"http:\/\/paypal.tadic.si\/wp-content\/uploads\/2011\/06\/posiljanje_denarja_preko_paypal1.jpg\" alt=\"Obrazec za po\u0161iljanje denarja preko PayPal\" width=\"471\" height=\"578\" srcset=\"https:\/\/paypal.tadic.si\/wp-content\/uploads\/2011\/06\/posiljanje_denarja_preko_paypal1.jpg 471w, https:\/\/paypal.tadic.si\/wp-content\/uploads\/2011\/06\/posiljanje_denarja_preko_paypal1-244x300.jpg 244w\" sizes=\"(max-width: 471px) 100vw, 471px\" \/><\/a><\/p>\n<h2>Prejem denarja preko PayPal<\/h2>\n<p>Za prejemanje denarja na va\u0161 PayPal ra\u010dun je potrebno posredovati po\u0161iljatelju le va\u0161 e-mail naslov, ki je povezan z va\u0161im PayPal ra\u010dunom. Po\u0161iljatelj bo opravil enak postopek kot v zgoraj omenjenem po\u0161iljanju denarja.<\/p>\n<p>Po\u0161iljatelj in prejemnik prejmeta e-po\u0161to z obvestilom o po\u0161iljanju\/prejemu denarja.<\/p>\n<p>&nbsp;<\/p>\n<h2>Prejem pla\u010dil preko PayPal kot spletna trgovina ali ponudnik storitev (Merchant services)<\/h2>\n<p>V kolikor \u017eelite na va\u0161em spletnem mestu omogo\u010diti nov na\u010din pla\u010dila (PayPal)\u00a0 si lahko ogledate ve\u010d opcij:<\/p>\n<ul>\n<li>gumb za takoj\u0161enj nakup enega izdelka ali storitve (<a title=\"Buy now PayPal gumb\" href=\"https:\/\/www.paypal.com\/si\/cgi-bin\/webscr?cmd=_wp-standard-overview-outside&amp;nav=2.0.0\" target=\"_blank\">Buy Now<\/a>) &#8211; gumb lahko oblikujete po \u017eelji<\/li>\n<li>gumb s PayPal ko\u0161arico za nakup ve\u010d izdelkov (Add to cart)<\/li>\n<li>avtomati\u010dna pla\u010dila\u00a0 (subscribe)<\/li>\n<li>ko\u0161arice zunanjih aplikacij (Third party carts)<\/li>\n<li>izdelava svojega modula (<a title=\"PayPal API integracija\" href=\"https:\/\/cms.paypal.com\/us\/cgi-bin\/?cmd=_render-content&amp;content_ID=developer\/e_howto_api_ButtonMgrAPIIntro\" target=\"_blank\">PayPal API<\/a>, <a title=\"PayPal HTML integracija\" href=\"https:\/\/cms.paypal.com\/us\/cgi-bin\/?cmd=_render-content&amp;content_ID=developer\/e_howto_html_Appx_websitestandard_htmlvariables\" target=\"_blank\">PayPal HTML<\/a>)<\/li>\n<li><a title=\"Orodja za razvijalce\" href=\"https:\/\/www.x.com\/community\/ppx\/\" target=\"_blank\">orodja za razvijalce<\/a><\/li>\n<\/ul>\n<p>Da bi vgradili API v svojo stran morate ustrezati pogojem. Pogoji za Merchant API integracijo.<\/p>\n<p><a title=\"Integracija PayPal dokument\" href=\"https:\/\/www.paypalobjects.com\/WEBSCR-640-20110619-1\/en_US\/pdf\/PP_WebsitePaymentsStandard_IntegrationGuide.pdf\" target=\"_blank\">PDF datoteka<\/a> z ve\u010d informacijami o zgornjih opcijah. Na voljo je tudi <a title=\"Orodje za testiranje PayPal integracij\" href=\"https:\/\/developer.paypal.com\/\" target=\"_blank\">orodje za testiranje PayPal integracij<\/a>.<\/p>\n<p>&nbsp;<\/p>\n<h2>Dvig denarja s PayPal ra\u010duna na ban\u010dni ra\u010dun<\/h2>\n<p>Dvig denarja lahko opravite na:<\/p>\n<ul>\n<li>ban\u010dni ra\u010dun (v kolikor imate ban\u010dni ra\u010dun odprt v Zdru\u017eenih dr\u017eavah Amerike &#8211; U.S.)<\/li>\n<li>na va\u0161o VISA kreditno kartico<\/li>\n<\/ul>\n<p>Prenos na va\u0161 ra\u010dun traja 2-3 delovne dni in vas stane 2\u20ac za vsak dvig. PayPal ima dolo\u010den tudi najni\u017eji in najvi\u0161ji znesek za dvig, vendar se ta razlikuje od tipa ra\u010duna (verificiran\/neverificiran), koliko sredstev imate na ra\u010dunu, tipa ra\u010duna (osebni\/poslovn), itd&#8230;<\/p>\n<p>Dvig opravite tako, da v zgornjem meniju izberete Withdraw in nato izberete na\u010din dviga (po vsej verjetnosti na kreditno kartico &#8211; VISA), nato vpi\u0161ete znesek in izberete VISA kartico (\u010de jih imate ve\u010d) in kliknete Nadaljuj (Continue).<\/p>\n<p>&nbsp;<\/p>\n<h2>PayPal provizije<\/h2>\n<p><strong>Nakupovanje:<\/strong><br \/>\nKupec ne pla\u010da provizije. Prejemnik pla\u010da 3,4% + 0,35\u20ac na transakcijo.<\/p>\n<p><strong>Osebni prenosi: <\/strong><br \/>\nProvizija pri po\u0161iljanju in prejemanju za osebne prenose je 3,4% + 0,35\u20ac. Pri visokem mese\u010dnem prometu se provizija lahko zni\u017ea do 1,9% + 0,35\u20ac.<\/p>\n<p>Provizija konverzije med razli\u010dnimi valutami pri PayPal-u zna\u0161a 2,5% zneska.<\/p>\n<p>Ve\u010d informacij glede\u00a0 <a title=\"PayPal provizije\" href=\"https:\/\/www.paypal.com\/si\/cgi-bin\/webscr?cmd=_display-fees-outside\" target=\"_blank\">PayPal provizije<\/a> in <a title=\"Lestvica PayPal provizij glede na mese\u010dni promet\" href=\"https:\/\/www.paypal.com\/si\/cgi-bin\/webscr?cmd=_display-receiving-fees-outside&amp;countries=\" target=\"_blank\">lestvica provizij glede na promet<\/a>.<\/p>\n<p>&nbsp;<\/p>\n<h2>Na kaj biti pozorni pri pla\u010devanju preko PayPal<\/h2>\n<p>V kolikor naro\u010dite izdelek in v nekaj dneh (npr 7 dni) ne prejmete nobene informacije o po\u0161iljanju (da so izdelki \u017ee na poti) ali ne prejmete izdelka na dom v npr 20 dneh (odvisno od pogojev prodajalca) imate mo\u017enost spro\u017eiti zahtevek za povrnitev denarja. \u010ce se zahtevek odpre in vam prodajalec re\u010de da je pozabil in da vam bo poslal&#8230; <strong>NIKAKOR NE ZAPIRAJTE ZAHTEVKA<\/strong>!!! Zahtevka se ne da ponovno odpreti in tako lahko ostanete brez denarja in brez izdelka, zato raje pustite odprt zahtevek in po\u010dakajte na izdelke v kolikor lahko pridejo v doglednem \u010dasu in ne prese\u017eejo 30 dni od dneva pla\u010dila.<\/p>\n<p>&nbsp;<\/p>\n<h2>Re\u0161evanje te\u017eav pri PayPal &#8211; Reklamacije<\/h2>\n<p>PayPal konflikte\/te\u017eave na dokaj korekten na\u010din. V kolikor je z izdelkom kaj narobe oz. ni to kar ste naro\u010dili, lahko brez te\u017eav zahtevate povrnitev denarja, vi pa vrnete izdelek. V kolikor ste naro\u010dili storitve in niso opravljene (in je to mo\u017eno dokazati) vam prav tako vrnejo denar. V kolikor s storitvami niste zadovoljni pa je \u017ee nekoliko te\u017eje saj potem PayPal osebje presodi ali ste do vrnitve upravi\u010deni ali ne.<\/p>\n<p>V kolikor \u017eelite spro\u017eiti vra\u010dilo denarja\/izdelka v va\u0161em ra\u010dunu najdete <strong>Resolution Center<\/strong>, kjer kliknete na <strong>Dispute transaction<\/strong>. Prej si seveda raje preberite navodila kako ravnati v tem primeru in kaj lahko pri\u010dakujete od PayPal-a, saj se ob reklamaciji najprej pomenite s prodajalcem. To pomeni, da va\u0161 zahtevek najprej dobi prodajalec, od katerega zahtevate povra\u010dilo denarja in v kolikor se ne dogovorita o vra\u010dilu oz. uspe\u0161ni re\u0161itvi problema, lahko prijavite prodajalca PayPal-u v nadaljevanju. PayPal nato presodi kdo je do \u010desa upravi\u010den in kdo mora kaj narediti.<\/p>\n","protected":false},"excerpt":{"rendered":"Ustvarjanje PayPal ra\u010duna je zelo enostaven in hiter postopek, ki od vas terja le nekaj minut \u010dasa in veljaven e-mail naslov. PayPal ponuja dve razli\u010dni opciji za odprtje ra\u010duna: osebni poslovni Da bi ustvarili PayPal ra\u010dun je potrebno obiskati spletno stran PayPal in izbrati tip ra\u010duna osebni (personal) ali poslovni (business). Po izbiri tipa ra\u010duna [&hellip;]\n","protected":false},"author":1,"featured_media":0,"parent":0,"menu_order":0,"comment_status":"closed","ping_status":"open","template":"","meta":[],"_links":{"self":[{"href":"https:\/\/paypal.tadic.si\/paypal-trgovine\/wp-json\/wp\/v2\/pages\/42"}],"collection":[{"href":"https:\/\/paypal.tadic.si\/paypal-trgovine\/wp-json\/wp\/v2\/pages"}],"about":[{"href":"https:\/\/paypal.tadic.si\/paypal-trgovine\/wp-json\/wp\/v2\/types\/page"}],"author":[{"embeddable":true,"href":"https:\/\/paypal.tadic.si\/paypal-trgovine\/wp-json\/wp\/v2\/users\/1"}],"replies":[{"embeddable":true,"href":"https:\/\/paypal.tadic.si\/paypal-trgovine\/wp-json\/wp\/v2\/comments?post=42"}],"version-history":[{"count":25,"href":"https:\/\/paypal.tadic.si\/paypal-trgovine\/wp-json\/wp\/v2\/pages\/42\/revisions"}],"predecessor-version":[{"id":98,"href":"https:\/\/paypal.tadic.si\/paypal-trgovine\/wp-json\/wp\/v2\/pages\/42\/revisions\/98"}],"wp:attachment":[{"href":"https:\/\/paypal.tadic.si\/paypal-trgovine\/wp-json\/wp\/v2\/media?parent=42"}],"curies":[{"name":"wp","href":"https:\/\/api.w.org\/{rel}","templated":true}]}}